{"id":998,"date":"2016-09-16T19:38:35","date_gmt":"2016-09-16T19:38:35","guid":{"rendered":"https:\/\/www.husek.hr\/?page_id=998"},"modified":"2022-12-06T13:46:50","modified_gmt":"2022-12-06T13:46:50","slug":"sobs-contact","status":"publish","type":"page","link":"https:\/\/www.husek.hr\/en\/sobs-contact\/","title":{"rendered":"SOBS &#8211; Contact"},"content":{"rendered":"<p><strong>ORGANISATION<br \/>\n<\/strong>Croatian Association of Freshwater Ecologists (CAFE)<\/p>\n<p><strong>Contact:<br \/>\n<\/strong><\/p>\n<p><a href=\"mailto:vlatkams@hpm.hr\" target=\"_blank\" rel=\"noopener\">Asst Prof Vlatka Mi\u010deti\u0107 Stankovi\u0107<\/a>, Croatian Natural History Museum<\/p>\n<p><a href=\"mailto:marija.ivkovic@biol.pmf.hr\" target=\"_blank\" rel=\"noopener\">Assoc Prof Marija Ivkovi\u0107<\/a>, Department of Biology, Faculty of Science, University of Zagreb<\/p>\n<p><strong>Croatian association of freshwater ecologists \u2013 Cafe<\/strong><\/p>\n<p>Rooseveltov trg 6<br \/>\n10 000 Zagreb<br \/>\nTel: +385 (0)1 4877 700<br \/>\nFax: +385 (0) 1 4826 260<br \/>\nE-mail: <a href=\"mailto:husek@husek.hr\">husek@husek.hr<\/a><\/p>\n","protected":false},"excerpt":{"rendered":"<p>ORGANISATION Croatian Association of Freshwater Ecologists (CAFE) Contact: Asst Prof Vlatka Mi\u010deti\u0107 Stankovi\u0107, Croatian Natural History Museum Assoc Prof Marija Ivkovi\u0107, Department of Biology, Faculty of Science, University of Zagreb <a class=\"more-link\" href=\"https:\/\/www.husek.hr\/en\/sobs-contact\/\">Pro\u010ditaj vi\u0161e&#8230;<\/a><\/p>\n","protected":false},"author":1,"featured_media":0,"parent":0,"menu_order":0,"comment_status":"closed","ping_status":"closed","template":"","meta":{"footnotes":""},"class_list":["post-998","page","type-page","status-publish","hentry"],"_links":{"self":[{"href":"https:\/\/www.husek.hr\/en\/wp-json\/wp\/v2\/pages\/998","targetHints":{"allow":["GET"]}}],"collection":[{"href":"https:\/\/www.husek.hr\/en\/wp-json\/wp\/v2\/pages"}],"about":[{"href":"https:\/\/www.husek.hr\/en\/wp-json\/wp\/v2\/types\/page"}],"author":[{"embeddable":true,"href":"https:\/\/www.husek.hr\/en\/wp-json\/wp\/v2\/users\/1"}],"replies":[{"embeddable":true,"href":"https:\/\/www.husek.hr\/en\/wp-json\/wp\/v2\/comments?post=998"}],"version-history":[{"count":3,"href":"https:\/\/www.husek.hr\/en\/wp-json\/wp\/v2\/pages\/998\/revisions"}],"predecessor-version":[{"id":13311,"href":"https:\/\/www.husek.hr\/en\/wp-json\/wp\/v2\/pages\/998\/revisions\/13311"}],"wp:attachment":[{"href":"https:\/\/www.husek.hr\/en\/wp-json\/wp\/v2\/media?parent=998"}],"curies":[{"name":"wp","href":"https:\/\/api.w.org\/{rel}","templated":true}]}}