{"id":993,"date":"2016-09-16T19:29:24","date_gmt":"2016-09-16T19:29:24","guid":{"rendered":"https:\/\/www.husek.hr\/?page_id=993"},"modified":"2023-02-22T11:05:38","modified_gmt":"2023-02-22T11:05:38","slug":"sobs-committee","status":"publish","type":"page","link":"https:\/\/www.husek.hr\/en\/sobs-committee\/","title":{"rendered":"SOBS &#8211; Committee"},"content":{"rendered":"<p><strong>Organizing committee<\/strong><\/p>\n<p><strong>President: Asst Prof Vlatka Mi\u010deti\u0107 Stankovi\u0107, Croatian Natural History Museum<\/strong><\/p>\n<p><strong><br \/>\n<\/strong>Assoc Prof Marija Ivkovi\u0107, Faculty of Science, University of Zagreb<br \/>\nProf Renata Matoni\u010dkin Kep\u010dija, Faculty of Science, University of Zagreb<br \/>\nAssoc Prof Marko Mili\u0161a, Faculty of Science, University of Zagreb<br \/>\nAsst Prof Mirela Serti\u0107 Peri\u0107, Faculty of Science, University of Zagreb<br \/>\nAsst Prof Marina Vilenica, Faculty of Teacher Education, University of Zagreb<\/p>\n<p><strong>Scientific Committee<\/strong><\/p>\n<p><strong>President: Asst Prof Vlatka Mi\u010deti\u0107 Stankovi\u0107, Croatian Natural History Museum<br \/>\n<\/strong><br \/>\nAssoc Prof Marija Ivkovi\u0107, Faculty of Science, University of Zagreb<br \/>\nProf Renata Matoni\u010dkin Kep\u010dija, Faculty of Science, University of Zagreb<br \/>\nAssoc Prof Marko Mili\u0161a, Faculty of Science, University of Zagreb<br \/>\nAsst Prof Mirela Serti\u0107 Peri\u0107, Faculty of Science, University of Zagreb<br \/>\nAsst Prof Marina Vilenica, Faculty of Teacher Education, University of Zagreb<br \/>\nViktor Baranov, PhD, Do\u00f1ana Biological Station EBD-CSIC, Sevilla<br \/>\nProf Antonio Camacho, Cavanilles Institute for Biodiversity and Evolutionary Biology, University of Valencia<br \/>\nZrinka Dragun, PhD, Ru\u0111er Bo\u0161kovi\u0107 Institute, Zagreb<br \/>\nProf Vladimir Pe\u0161i\u0107, Department of Biology, University of Montenegro<br \/>\nIgor Stankovi\u0107, PhD, Water Institute Josip Juraj Strossmayer<br \/>\nAsst Prof Goran Vignjevi\u0107, Department of Biology, Josip Juraj Strossmayer University of Osijek<br \/>\nAssoc Prof Ivana Buj, Faculty of Science, University of Zagreb<\/p>\n<p><strong>Technical support<\/strong><\/p>\n<p>Valentina Dori\u0107<br \/>\nJelena Fajdeti\u0107<br \/>\nZoran Kiralj<br \/>\nTomislav Kralj<br \/>\nDr. sc. Tatjana Mijo\u0161ek<br \/>\nJana Zekirovski<br \/>\nMarina \u0160umanovi\u0107<\/p>\n<p><strong>\u00a0<\/strong><\/p>\n","protected":false},"excerpt":{"rendered":"<p>Organizing committee President: Asst Prof Vlatka Mi\u010deti\u0107 Stankovi\u0107, Croatian Natural History Museum Assoc Prof Marija Ivkovi\u0107, Faculty of Science, University of Zagreb Prof Renata Matoni\u010dkin Kep\u010dija, Faculty of Science, University <a class=\"more-link\" href=\"https:\/\/www.husek.hr\/en\/sobs-committee\/\">Pro\u010ditaj vi\u0161e&#8230;<\/a><\/p>\n","protected":false},"author":1,"featured_media":0,"parent":0,"menu_order":0,"comment_status":"closed","ping_status":"closed","template":"","meta":{"footnotes":""},"class_list":["post-993","page","type-page","status-publish","hentry"],"_links":{"self":[{"href":"https:\/\/www.husek.hr\/en\/wp-json\/wp\/v2\/pages\/993","targetHints":{"allow":["GET"]}}],"collection":[{"href":"https:\/\/www.husek.hr\/en\/wp-json\/wp\/v2\/pages"}],"about":[{"href":"https:\/\/www.husek.hr\/en\/wp-json\/wp\/v2\/types\/page"}],"author":[{"embeddable":true,"href":"https:\/\/www.husek.hr\/en\/wp-json\/wp\/v2\/users\/1"}],"replies":[{"embeddable":true,"href":"https:\/\/www.husek.hr\/en\/wp-json\/wp\/v2\/comments?post=993"}],"version-history":[{"count":13,"href":"https:\/\/www.husek.hr\/en\/wp-json\/wp\/v2\/pages\/993\/revisions"}],"predecessor-version":[{"id":13489,"href":"https:\/\/www.husek.hr\/en\/wp-json\/wp\/v2\/pages\/993\/revisions\/13489"}],"wp:attachment":[{"href":"https:\/\/www.husek.hr\/en\/wp-json\/wp\/v2\/media?parent=993"}],"curies":[{"name":"wp","href":"https:\/\/api.w.org\/{rel}","templated":true}]}}